{"id":94,"date":"2009-08-28T17:09:25","date_gmt":"2009-08-28T17:09:25","guid":{"rendered":"https:\/\/www.s66.org\/?page_id=94"},"modified":"2023-07-11T17:28:57","modified_gmt":"2023-07-11T17:28:57","slug":"puan-karsiligi-hosting","status":"publish","type":"page","link":"https:\/\/www.ehcp.net\/?page_id=94","title":{"rendered":"Puan kar\u015f\u0131l\u0131\u011f\u0131 Hosting"},"content":{"rendered":"<p>iyibirisi Reklam sisteminden kazand\u0131\u011f\u0131n\u0131z puanlarla \u015funlar\u0131 alabilirsiniz:<\/p>\n<p>Hosting: 200MB yer, linux, php, mysql, y\u0131ll\u0131k : 50 00 Puan (50 TL kar\u015f\u0131l\u0131\u011f\u0131)<br \/>\nHosting: 500MB yer, linux, php, mysql, y\u0131ll\u0131k : 100 00 Puan (100 TL kar\u015f\u0131l\u0131\u011f\u0131)<\/p>\n","protected":false},"excerpt":{"rendered":"<p>iyibirisi Reklam sisteminden kazand\u0131\u011f\u0131n\u0131z puanlarla \u015funlar\u0131 alabilirsiniz: Hosting: 200MB yer, linux, php, mysql, y\u0131ll\u0131k : 50 00 Puan (50 TL kar\u015f\u0131l\u0131\u011f\u0131) Hosting: 500MB yer, linux, php, mysql, y\u0131ll\u0131k : 100 00 Puan (100 TL kar\u015f\u0131l\u0131\u011f\u0131)<\/p>\n","protected":false},"author":1,"featured_media":0,"parent":0,"menu_order":0,"comment_status":"closed","ping_status":"closed","template":"","meta":{"footnotes":""},"blocksy_meta":[],"_links":{"self":[{"href":"https:\/\/www.ehcp.net\/index.php?rest_route=\/wp\/v2\/pages\/94"}],"collection":[{"href":"https:\/\/www.ehcp.net\/index.php?rest_route=\/wp\/v2\/pages"}],"about":[{"href":"https:\/\/www.ehcp.net\/index.php?rest_route=\/wp\/v2\/types\/page"}],"author":[{"embeddable":true,"href":"https:\/\/www.ehcp.net\/index.php?rest_route=\/wp\/v2\/users\/1"}],"replies":[{"embeddable":true,"href":"https:\/\/www.ehcp.net\/index.php?rest_route=%2Fwp%2Fv2%2Fcomments&post=94"}],"version-history":[{"count":1,"href":"https:\/\/www.ehcp.net\/index.php?rest_route=\/wp\/v2\/pages\/94\/revisions"}],"predecessor-version":[{"id":278,"href":"https:\/\/www.ehcp.net\/index.php?rest_route=\/wp\/v2\/pages\/94\/revisions\/278"}],"wp:attachment":[{"href":"https:\/\/www.ehcp.net\/index.php?rest_route=%2Fwp%2Fv2%2Fmedia&parent=94"}],"curies":[{"name":"wp","href":"https:\/\/api.w.org\/{rel}","templated":true}]}}